{"id":489,"date":"2026-03-31T14:12:10","date_gmt":"2026-03-31T14:12:10","guid":{"rendered":"https:\/\/malusanffer.com\/?page_id=489"},"modified":"2026-03-31T14:12:10","modified_gmt":"2026-03-31T14:12:10","slug":"chapter-03-meu-samba-e-assim","status":"publish","type":"page","link":"https:\/\/malusanffer.com\/en\/chapter-03-meu-samba-e-assim\/","title":{"rendered":"Chapter 03 \u2014 Meu Samba \u00e9 Assim"},"content":{"rendered":"<figure class=\"wp-block-image size-full is-resized\"><img loading=\"lazy\" decoding=\"async\" width=\"1441\" height=\"2560\" src=\"https:\/\/malusanffer.com\/wp-content\/uploads\/2026\/03\/DSC05414-scaled.jpg\" alt=\"\" class=\"wp-image-490\" style=\"object-fit:cover;width:1920px;height:2400px\" srcset=\"https:\/\/malusanffer.com\/wp-content\/uploads\/2026\/03\/DSC05414-scaled.jpg 1441w, https:\/\/malusanffer.com\/wp-content\/uploads\/2026\/03\/DSC05414-169x300.jpg 169w, https:\/\/malusanffer.com\/wp-content\/uploads\/2026\/03\/DSC05414-577x1024.jpg 577w, https:\/\/malusanffer.com\/wp-content\/uploads\/2026\/03\/DSC05414-768x1364.jpg 768w, https:\/\/malusanffer.com\/wp-content\/uploads\/2026\/03\/DSC05414-865x1536.jpg 865w, https:\/\/malusanffer.com\/wp-content\/uploads\/2026\/03\/DSC05414-1153x2048.jpg 1153w, https:\/\/malusanffer.com\/wp-content\/uploads\/2026\/03\/DSC05414-600x1066.jpg 600w\" sizes=\"auto, (max-width: 1441px) 100vw, 1441px\" \/><\/figure>\n\n\n\n<p>Meu Samba \u00e9 Assim reveals a distinct sense of identity and attitude.  \nThe pieces explore contrasts between structure and fluidity, forming compositions that express individuality.<\/p>\n\n\n\n<p>Textures and volumes shape a visual narrative, balancing strength and lightness.<\/p>\n\n\n\n<div class=\"wp-block-buttons is-content-justification-center is-layout-flex wp-container-core-buttons-is-layout-a89b3969 wp-block-buttons-is-layout-flex\">\n<div class=\"wp-block-button\"><a class=\"wp-block-button__link wp-element-button\" href=\"https:\/\/malusanffer.com\/en\/product-tag\/chapter-03\/\">Explore Chapters<\/a><\/div>\n<\/div>\n\n\n\n<p><\/p>","protected":false},"excerpt":{"rendered":"<p>Meu Samba \u00e9 Assim revela identidade e atitude. As pe\u00e7as exploram contrastes entre estrutura e fluidez, criando composi\u00e7\u00f5es que expressam individualidade. Texturas e volumes constroem uma narrativa visual que equilibra for\u00e7a e leveza.<\/p>","protected":false},"author":1,"featured_media":0,"parent":0,"menu_order":0,"comment_status":"closed","ping_status":"closed","template":"","meta":{"site-sidebar-layout":"default","site-content-layout":"","ast-site-content-layout":"default","site-content-style":"default","site-sidebar-style":"default","ast-global-header-display":"","ast-banner-title-visibility":"","ast-main-header-display":"","ast-hfb-above-header-display":"","ast-hfb-below-header-display":"","ast-hfb-mobile-header-display":"","site-post-title":"","ast-breadcrumbs-content":"","ast-featured-img":"","footer-sml-layout":"","ast-disable-related-posts":"","theme-transparent-header-meta":"","adv-header-id-meta":"","stick-header-meta":"","header-above-stick-meta":"","header-main-stick-meta":"","header-below-stick-meta":"","astra-migrate-meta-layouts":"default","ast-page-background-enabled":"default","ast-page-background-meta":{"desktop":{"background-color":"var(--ast-global-color-5)","background-image":"","background-repeat":"repeat","background-position":"center center","background-size":"auto","background-attachment":"scroll","background-type":"","background-media":"","overlay-type":"","overlay-color":"","overlay-opacity":"","overlay-gradient":""},"tablet":{"background-color":"","background-image":"","background-repeat":"repeat","background-position":"center center","background-size":"auto","background-attachment":"scroll","background-type":"","background-media":"","overlay-type":"","overlay-color":"","overlay-opacity":"","overlay-gradient":""},"mobile":{"background-color":"","background-image":"","background-repeat":"repeat","background-position":"center center","background-size":"auto","background-attachment":"scroll","background-type":"","background-media":"","overlay-type":"","overlay-color":"","overlay-opacity":"","overlay-gradient":""}},"ast-content-background-meta":{"desktop":{"background-color":"var(--ast-global-color-4)","background-image":"","background-repeat":"repeat","background-position":"center center","background-size":"auto","background-attachment":"scroll","background-type":"","background-media":"","overlay-type":"","overlay-color":"","overlay-opacity":"","overlay-gradient":""},"tablet":{"background-color":"var(--ast-global-color-4)","background-image":"","background-repeat":"repeat","background-position":"center center","background-size":"auto","background-attachment":"scroll","background-type":"","background-media":"","overlay-type":"","overlay-color":"","overlay-opacity":"","overlay-gradient":""},"mobile":{"background-color":"var(--ast-global-color-4)","background-image":"","background-repeat":"repeat","background-position":"center center","background-size":"auto","background-attachment":"scroll","background-type":"","background-media":"","overlay-type":"","overlay-color":"","overlay-opacity":"","overlay-gradient":""}},"footnotes":""},"class_list":["post-489","page","type-page","status-publish","hentry"],"jetpack_sharing_enabled":true,"_links":{"self":[{"href":"https:\/\/malusanffer.com\/en\/wp-json\/wp\/v2\/pages\/489","targetHints":{"allow":["GET"]}}],"collection":[{"href":"https:\/\/malusanffer.com\/en\/wp-json\/wp\/v2\/pages"}],"about":[{"href":"https:\/\/malusanffer.com\/en\/wp-json\/wp\/v2\/types\/page"}],"author":[{"embeddable":true,"href":"https:\/\/malusanffer.com\/en\/wp-json\/wp\/v2\/users\/1"}],"replies":[{"embeddable":true,"href":"https:\/\/malusanffer.com\/en\/wp-json\/wp\/v2\/comments?post=489"}],"version-history":[{"count":1,"href":"https:\/\/malusanffer.com\/en\/wp-json\/wp\/v2\/pages\/489\/revisions"}],"predecessor-version":[{"id":495,"href":"https:\/\/malusanffer.com\/en\/wp-json\/wp\/v2\/pages\/489\/revisions\/495"}],"wp:attachment":[{"href":"https:\/\/malusanffer.com\/en\/wp-json\/wp\/v2\/media?parent=489"}],"curies":[{"name":"wp","href":"https:\/\/api.w.org\/{rel}","templated":true}]}}