{"id":496,"date":"2026-03-31T14:17:06","date_gmt":"2026-03-31T14:17:06","guid":{"rendered":"https:\/\/malusanffer.com\/?page_id=496"},"modified":"2026-03-31T14:17:06","modified_gmt":"2026-03-31T14:17:06","slug":"chapter-05-armor-of-the-soul","status":"publish","type":"page","link":"https:\/\/malusanffer.com\/en\/chapter-05-armor-of-the-soul\/","title":{"rendered":"Chapter 05 \u2014 Armor of the Soul"},"content":{"rendered":"<figure class=\"wp-block-image size-full is-resized\"><img loading=\"lazy\" decoding=\"async\" width=\"1707\" height=\"2560\" src=\"https:\/\/malusanffer.com\/wp-content\/uploads\/2026\/03\/DSC100169-scaled.jpg\" alt=\"\" class=\"wp-image-497\" style=\"object-fit:cover;width:1920px;height:2400px\" srcset=\"https:\/\/malusanffer.com\/wp-content\/uploads\/2026\/03\/DSC100169-scaled.jpg 1707w, https:\/\/malusanffer.com\/wp-content\/uploads\/2026\/03\/DSC100169-200x300.jpg 200w, https:\/\/malusanffer.com\/wp-content\/uploads\/2026\/03\/DSC100169-683x1024.jpg 683w, https:\/\/malusanffer.com\/wp-content\/uploads\/2026\/03\/DSC100169-768x1152.jpg 768w, https:\/\/malusanffer.com\/wp-content\/uploads\/2026\/03\/DSC100169-1024x1536.jpg 1024w, https:\/\/malusanffer.com\/wp-content\/uploads\/2026\/03\/DSC100169-1365x2048.jpg 1365w, https:\/\/malusanffer.com\/wp-content\/uploads\/2026\/03\/DSC100169-600x900.jpg 600w\" sizes=\"auto, (max-width: 1707px) 100vw, 1707px\" \/><\/figure>\n\n\n\n<p>Armor of the Soul explores protection and vulnerability as an aesthetic language.  \nThe pieces convey structure and presence, shaping a relationship between body and form that expresses an inner strength.<\/p>\n\n\n\n<p>Volumes and constructions define a contemporary aesthetic with a symbolic dimension.<\/p>\n\n\n\n<div class=\"wp-block-buttons is-content-justification-center is-layout-flex wp-container-core-buttons-is-layout-a89b3969 wp-block-buttons-is-layout-flex\">\n<div class=\"wp-block-button\"><a class=\"wp-block-button__link wp-element-button\" href=\"https:\/\/malusanffer.com\/en\/product-tag\/chapter-05\/\">Explore Chapters<\/a><\/div>\n<\/div>","protected":false},"excerpt":{"rendered":"<p>Armor of the Soul investiga prote\u00e7\u00e3o e vulnerabilidade como linguagem est\u00e9tica. As pe\u00e7as trazem estrutura e presen\u00e7a, criando uma rela\u00e7\u00e3o entre corpo e forma que comunica for\u00e7a interior. Volumes e constru\u00e7\u00f5es refor\u00e7am uma est\u00e9tica contempor\u00e2nea com car\u00e1ter simb\u00f3lico.<\/p>","protected":false},"author":1,"featured_media":0,"parent":0,"menu_order":0,"comment_status":"closed","ping_status":"closed","template":"","meta":{"site-sidebar-layout":"default","site-content-layout":"","ast-site-content-layout":"default","site-content-style":"default","site-sidebar-style":"default","ast-global-header-display":"","ast-banner-title-visibility":"","ast-main-header-display":"","ast-hfb-above-header-display":"","ast-hfb-below-header-display":"","ast-hfb-mobile-header-display":"","site-post-title":"","ast-breadcrumbs-content":"","ast-featured-img":"","footer-sml-layout":"","ast-disable-related-posts":"","theme-transparent-header-meta":"","adv-header-id-meta":"","stick-header-meta":"","header-above-stick-meta":"","header-main-stick-meta":"","header-below-stick-meta":"","astra-migrate-meta-layouts":"default","ast-page-background-enabled":"default","ast-page-background-meta":{"desktop":{"background-color":"var(--ast-global-color-5)","background-image":"","background-repeat":"repeat","background-position":"center center","background-size":"auto","background-attachment":"scroll","background-type":"","background-media":"","overlay-type":"","overlay-color":"","overlay-opacity":"","overlay-gradient":""},"tablet":{"background-color":"","background-image":"","background-repeat":"repeat","background-position":"center center","background-size":"auto","background-attachment":"scroll","background-type":"","background-media":"","overlay-type":"","overlay-color":"","overlay-opacity":"","overlay-gradient":""},"mobile":{"background-color":"","background-image":"","background-repeat":"repeat","background-position":"center center","background-size":"auto","background-attachment":"scroll","background-type":"","background-media":"","overlay-type":"","overlay-color":"","overlay-opacity":"","overlay-gradient":""}},"ast-content-background-meta":{"desktop":{"background-color":"var(--ast-global-color-4)","background-image":"","background-repeat":"repeat","background-position":"center center","background-size":"auto","background-attachment":"scroll","background-type":"","background-media":"","overlay-type":"","overlay-color":"","overlay-opacity":"","overlay-gradient":""},"tablet":{"background-color":"var(--ast-global-color-4)","background-image":"","background-repeat":"repeat","background-position":"center center","background-size":"auto","background-attachment":"scroll","background-type":"","background-media":"","overlay-type":"","overlay-color":"","overlay-opacity":"","overlay-gradient":""},"mobile":{"background-color":"var(--ast-global-color-4)","background-image":"","background-repeat":"repeat","background-position":"center center","background-size":"auto","background-attachment":"scroll","background-type":"","background-media":"","overlay-type":"","overlay-color":"","overlay-opacity":"","overlay-gradient":""}},"footnotes":""},"class_list":["post-496","page","type-page","status-publish","hentry"],"jetpack_sharing_enabled":true,"_links":{"self":[{"href":"https:\/\/malusanffer.com\/en\/wp-json\/wp\/v2\/pages\/496","targetHints":{"allow":["GET"]}}],"collection":[{"href":"https:\/\/malusanffer.com\/en\/wp-json\/wp\/v2\/pages"}],"about":[{"href":"https:\/\/malusanffer.com\/en\/wp-json\/wp\/v2\/types\/page"}],"author":[{"embeddable":true,"href":"https:\/\/malusanffer.com\/en\/wp-json\/wp\/v2\/users\/1"}],"replies":[{"embeddable":true,"href":"https:\/\/malusanffer.com\/en\/wp-json\/wp\/v2\/comments?post=496"}],"version-history":[{"count":1,"href":"https:\/\/malusanffer.com\/en\/wp-json\/wp\/v2\/pages\/496\/revisions"}],"predecessor-version":[{"id":502,"href":"https:\/\/malusanffer.com\/en\/wp-json\/wp\/v2\/pages\/496\/revisions\/502"}],"wp:attachment":[{"href":"https:\/\/malusanffer.com\/en\/wp-json\/wp\/v2\/media?parent=496"}],"curies":[{"name":"wp","href":"https:\/\/api.w.org\/{rel}","templated":true}]}}