{"id":516,"date":"2026-03-31T18:20:27","date_gmt":"2026-03-31T18:20:27","guid":{"rendered":"https:\/\/malusanffer.com\/?page_id=516"},"modified":"2026-04-01T17:45:20","modified_gmt":"2026-04-01T17:45:20","slug":"guia-de-medidas","status":"publish","type":"page","link":"https:\/\/malusanffer.com\/en\/guia-de-medidas\/","title":{"rendered":"Guia de Medidas"},"content":{"rendered":"<p>Cada pe\u00e7a \u00e9 desenvolvida com modelagem autoral, respeitando forma, movimento e mat\u00e9ria.<\/p>\n\n\n\n<p>Para encontrar o tamanho ideal, utilize as medidas como refer\u00eancia.<\/p>\n\n\n\n<div class=\"wp-block-media-text is-stacked-on-mobile .wp-block-image img {  opacity: 0.4; }\" style=\"grid-template-columns:37% auto\"><figure class=\"wp-block-media-text__media\"><img loading=\"lazy\" decoding=\"async\" width=\"683\" height=\"1024\" src=\"https:\/\/malusanffer.com\/wp-content\/uploads\/2026\/03\/ChatGPT-Image-31-de-mar.-de-2026-13_46_23-1-683x1024.png\" alt=\"\" class=\"wp-image-518 size-full\" srcset=\"https:\/\/malusanffer.com\/wp-content\/uploads\/2026\/03\/ChatGPT-Image-31-de-mar.-de-2026-13_46_23-1-683x1024.png 683w, https:\/\/malusanffer.com\/wp-content\/uploads\/2026\/03\/ChatGPT-Image-31-de-mar.-de-2026-13_46_23-1-200x300.png 200w, https:\/\/malusanffer.com\/wp-content\/uploads\/2026\/03\/ChatGPT-Image-31-de-mar.-de-2026-13_46_23-1-768x1152.png 768w, https:\/\/malusanffer.com\/wp-content\/uploads\/2026\/03\/ChatGPT-Image-31-de-mar.-de-2026-13_46_23-1-600x900.png 600w, https:\/\/malusanffer.com\/wp-content\/uploads\/2026\/03\/ChatGPT-Image-31-de-mar.-de-2026-13_46_23-1.png 1024w\" sizes=\"auto, (max-width: 683px) 100vw, 683px\" \/><\/figure><div class=\"wp-block-media-text__content\">\n<figure class=\"wp-block-table\"><table class=\"has-fixed-layout\" style=\"border-style:none;border-width:0px\"><tbody><tr><td>MS Size <\/td><td>34<\/td><td>36<\/td><td>38<\/td><td>40<\/td><td>42<\/td><td>44<\/td><\/tr><tr><td>Size <\/td><td>XS<\/td><td>S<\/td><td>M<\/td><td>L<\/td><td>XL<\/td><td><\/td><\/tr><tr><td>EU<\/td><td>36<\/td><td>38<\/td><td>40<\/td><td>42<\/td><td>44<\/td><td>46<\/td><\/tr><tr><td>US<\/td><td>2-4<\/td><td>4-6<\/td><td>8<\/td><td>10<\/td><td>12<\/td><td>14<\/td><\/tr><\/tbody><\/table><\/figure>\n\n\n\n<p>Varia\u00e7\u00f5es podem ocorrer de acordo com o tecido e a constru\u00e7\u00e3o de cada modelo.<\/p>\n<\/div><\/div>\n\n\n\n<p><\/p>\n\n\n\n<figure class=\"wp-block-table .wp-block-table:nth-of-type(2) td { color: #555; font-size: 12.5px; } margin-top: 60px;\"><table class=\"has-fixed-layout\" style=\"border-style:none;border-width:0px\"><tbody><tr><td><\/td><td>34<\/td><td>36<\/td><td>38<\/td><td>40<\/td><td>42<\/td><td>44<\/td><\/tr><tr><td>Busto (cm)<\/td><td>83<\/td><td>87<\/td><td>91<\/td><td>95<\/td><td>100<\/td><td>105<\/td><\/tr><tr><td>Cintura (cm)<\/td><td>63<\/td><td>67<\/td><td>71<\/td><td>75<\/td><td>80<\/td><td>85<\/td><\/tr><tr><td>Quadril (cm)<\/td><td>90<\/td><td>94<\/td><td>98<\/td><td>102<\/td><td>107<\/td><td>112<\/td><\/tr><\/tbody><\/table><\/figure>\n\n\n\n<p class=\".wp-block-table:nth-of-type(2) {     opacity: 0.9; } .wp-block-table {     margin-top: 50px; }\">As medidas referem-se ao corpo, n\u00e3o \u00e0 pe\u00e7a.<\/p>\n\n\n\n<p>Em caso de d\u00favida, recomendamos optar pelo tamanho maior para um caimento mais confort\u00e1vel.<\/p>\n\n\n\n<p><\/p>","protected":false},"excerpt":{"rendered":"<p>Cada pe\u00e7a \u00e9 desenvolvida com modelagem autoral, respeitando forma, movimento e mat\u00e9ria. Para encontrar o tamanho ideal, utilize as medidas como refer\u00eancia. MS Size 34 36 38 40 42 44 Size XS S M L XL EU 36 38 40 42 44 46 US 2-4 4-6 8 10 12 14 Varia\u00e7\u00f5es podem ocorrer de acordo [&hellip;]<\/p>\n","protected":false},"author":1,"featured_media":0,"parent":0,"menu_order":0,"comment_status":"closed","ping_status":"closed","template":"","meta":{"site-sidebar-layout":"default","site-content-layout":"","ast-site-content-layout":"default","site-content-style":"default","site-sidebar-style":"default","ast-global-header-display":"","ast-banner-title-visibility":"","ast-main-header-display":"","ast-hfb-above-header-display":"","ast-hfb-below-header-display":"","ast-hfb-mobile-header-display":"","site-post-title":"","ast-breadcrumbs-content":"","ast-featured-img":"","footer-sml-layout":"","ast-disable-related-posts":"","theme-transparent-header-meta":"","adv-header-id-meta":"","stick-header-meta":"","header-above-stick-meta":"","header-main-stick-meta":"","header-below-stick-meta":"","astra-migrate-meta-layouts":"default","ast-page-background-enabled":"default","ast-page-background-meta":{"desktop":{"background-color":"var(--ast-global-color-5)","background-image":"","background-repeat":"repeat","background-position":"center center","background-size":"auto","background-attachment":"scroll","background-type":"","background-media":"","overlay-type":"","overlay-color":"","overlay-opacity":"","overlay-gradient":""},"tablet":{"background-color":"","background-image":"","background-repeat":"repeat","background-position":"center center","background-size":"auto","background-attachment":"scroll","background-type":"","background-media":"","overlay-type":"","overlay-color":"","overlay-opacity":"","overlay-gradient":""},"mobile":{"background-color":"","background-image":"","background-repeat":"repeat","background-position":"center center","background-size":"auto","background-attachment":"scroll","background-type":"","background-media":"","overlay-type":"","overlay-color":"","overlay-opacity":"","overlay-gradient":""}},"ast-content-background-meta":{"desktop":{"background-color":"var(--ast-global-color-4)","background-image":"","background-repeat":"repeat","background-position":"center center","background-size":"auto","background-attachment":"scroll","background-type":"","background-media":"","overlay-type":"","overlay-color":"","overlay-opacity":"","overlay-gradient":""},"tablet":{"background-color":"var(--ast-global-color-4)","background-image":"","background-repeat":"repeat","background-position":"center center","background-size":"auto","background-attachment":"scroll","background-type":"","background-media":"","overlay-type":"","overlay-color":"","overlay-opacity":"","overlay-gradient":""},"mobile":{"background-color":"var(--ast-global-color-4)","background-image":"","background-repeat":"repeat","background-position":"center center","background-size":"auto","background-attachment":"scroll","background-type":"","background-media":"","overlay-type":"","overlay-color":"","overlay-opacity":"","overlay-gradient":""}},"footnotes":""},"class_list":["post-516","page","type-page","status-publish","hentry"],"jetpack_sharing_enabled":true,"_links":{"self":[{"href":"https:\/\/malusanffer.com\/en\/wp-json\/wp\/v2\/pages\/516","targetHints":{"allow":["GET"]}}],"collection":[{"href":"https:\/\/malusanffer.com\/en\/wp-json\/wp\/v2\/pages"}],"about":[{"href":"https:\/\/malusanffer.com\/en\/wp-json\/wp\/v2\/types\/page"}],"author":[{"embeddable":true,"href":"https:\/\/malusanffer.com\/en\/wp-json\/wp\/v2\/users\/1"}],"replies":[{"embeddable":true,"href":"https:\/\/malusanffer.com\/en\/wp-json\/wp\/v2\/comments?post=516"}],"version-history":[{"count":10,"href":"https:\/\/malusanffer.com\/en\/wp-json\/wp\/v2\/pages\/516\/revisions"}],"predecessor-version":[{"id":664,"href":"https:\/\/malusanffer.com\/en\/wp-json\/wp\/v2\/pages\/516\/revisions\/664"}],"wp:attachment":[{"href":"https:\/\/malusanffer.com\/en\/wp-json\/wp\/v2\/media?parent=516"}],"curies":[{"name":"wp","href":"https:\/\/api.w.org\/{rel}","templated":true}]}}