{"id":67,"date":"2025-12-18T14:52:31","date_gmt":"2025-12-18T14:52:31","guid":{"rendered":"https:\/\/malusanffer.com\/?page_id=67"},"modified":"2026-01-28T21:00:20","modified_gmt":"2026-01-28T21:00:20","slug":"home","status":"publish","type":"page","link":"https:\/\/malusanffer.com\/en\/","title":{"rendered":"Home"},"content":{"rendered":"<div class=\"wp-block-cover has-aspect-ratio\" style=\"margin-top:0;margin-bottom:0;min-height:2461px;aspect-ratio:16\/9;min-height:unset;\"><img loading=\"lazy\" decoding=\"async\" width=\"1440\" height=\"2560\" class=\"wp-block-cover__image-background wp-image-126 size-full\" alt=\"\" src=\"https:\/\/malusanffer.com\/wp-content\/uploads\/2025\/12\/DSC02581-scaled.jpg\" data-object-fit=\"cover\" srcset=\"https:\/\/malusanffer.com\/wp-content\/uploads\/2025\/12\/DSC02581-scaled.jpg 1440w, https:\/\/malusanffer.com\/wp-content\/uploads\/2025\/12\/DSC02581-169x300.jpg 169w, https:\/\/malusanffer.com\/wp-content\/uploads\/2025\/12\/DSC02581-576x1024.jpg 576w, https:\/\/malusanffer.com\/wp-content\/uploads\/2025\/12\/DSC02581-768x1365.jpg 768w, https:\/\/malusanffer.com\/wp-content\/uploads\/2025\/12\/DSC02581-864x1536.jpg 864w, https:\/\/malusanffer.com\/wp-content\/uploads\/2025\/12\/DSC02581-1152x2048.jpg 1152w, https:\/\/malusanffer.com\/wp-content\/uploads\/2025\/12\/DSC02581-600x1066.jpg 600w\" sizes=\"auto, (max-width: 1440px) 100vw, 1440px\" \/><span aria-hidden=\"true\" class=\"wp-block-cover__background has-background-dim-0 has-background-dim\" style=\"background-color:#6e5a54\"><\/span><div class=\"wp-block-cover__inner-container is-layout-constrained wp-block-cover-is-layout-constrained\">\n<p><\/p>\n\n\n\n<h1 class=\"wp-block-heading has-text-align-center has-ast-global-color-4-color has-text-color has-link-color wp-elements-1d9582f241bc0186a836a3230ed98774\">Garments that transcend time.<\/h1>\n\n\n\n<div class=\"wp-block-buttons alignfull has-inter-font-family is-content-justification-center is-nowrap is-layout-flex wp-container-core-buttons-is-layout-19b171d3 wp-block-buttons-is-layout-flex\" style=\"font-style:normal;font-weight:400\">\n<div class=\"wp-block-button is-style-fill\"><a class=\"wp-block-button__link has-ast-global-color-4-color has-text-color has-link-color has-inter-font-family has-text-align-center has-custom-font-size wp-element-button\" href=\"https:\/\/malusanffer.com\/en\/shop\/\" style=\"font-size:18px\">Explore<\/a><\/div>\n<\/div>\n<\/div><\/div>\n\n\n\n<div style=\"margin-top:0;margin-bottom:0;height:22px\" aria-hidden=\"true\" class=\"wp-block-spacer\"><\/div>\n\n\n\n<h2 class=\"wp-block-heading has-text-align-center\" style=\"font-size:34px\">A contemporary Brazilian brand guided by time, craftsmanship, and lasting presence. <\/h2>\n\n\n\n<p class=\"has-text-align-center has-inter-font-family\" style=\"font-size:18px\">Malu Sanffer creates luxury pr\u00eat-\u00e0-porter through slow processes, conscious production, and limited editions.<\/p>\n\n\n\n<p class=\"has-text-align-center has-inter-font-family\" style=\"font-size:17px\">Each creation honors material, gesture, and the stories carried by the body.<\/p>\n\n\n\n<div class=\"wp-block-columns is-layout-flex wp-container-core-columns-is-layout-28f84493 wp-block-columns-is-layout-flex\">\n<div class=\"wp-block-column is-layout-flow wp-block-column-is-layout-flow\">\n<figure class=\"wp-block-image aligncenter size-full is-resized\"><img loading=\"lazy\" decoding=\"async\" width=\"1441\" height=\"2560\" src=\"https:\/\/malusanffer.com\/wp-content\/uploads\/2025\/12\/DSC05668-scaled.jpg\" alt=\"\" class=\"wp-image-108\" style=\"object-fit:cover;width:1200px;height:1500px\" srcset=\"https:\/\/malusanffer.com\/wp-content\/uploads\/2025\/12\/DSC05668-scaled.jpg 1441w, https:\/\/malusanffer.com\/wp-content\/uploads\/2025\/12\/DSC05668-169x300.jpg 169w, https:\/\/malusanffer.com\/wp-content\/uploads\/2025\/12\/DSC05668-577x1024.jpg 577w, https:\/\/malusanffer.com\/wp-content\/uploads\/2025\/12\/DSC05668-768x1364.jpg 768w, https:\/\/malusanffer.com\/wp-content\/uploads\/2025\/12\/DSC05668-865x1536.jpg 865w, https:\/\/malusanffer.com\/wp-content\/uploads\/2025\/12\/DSC05668-1153x2048.jpg 1153w, https:\/\/malusanffer.com\/wp-content\/uploads\/2025\/12\/DSC05668-600x1066.jpg 600w\" sizes=\"auto, (max-width: 1441px) 100vw, 1441px\" \/><\/figure>\n<\/div>\n\n\n\n<div class=\"wp-block-column is-vertically-aligned-center is-content-justification-left is-layout-constrained wp-container-core-column-is-layout-12dd3699 wp-block-column-is-layout-constrained\">\n<h3 class=\"wp-block-heading alignwide\" style=\"font-size:32px\">Beyond the seasons. Beyond the trends.<\/h3>\n\n\n\n<p class=\"has-inter-font-family\" style=\"font-size:17px\">Malu Sanffer\u2019s creations are not bound to a single season.<\/p>\n\n\n\n<p class=\"has-inter-font-family\" style=\"font-size:17px\">They are designed to accompany women over time \u2014 shaping memory, presence, and continuity.<\/p>\n<\/div>\n<\/div>\n\n\n\n<h2 class=\"wp-block-heading has-text-align-center\" style=\"font-size:34px\">A curated selection of timeless pieces, created in limited editions.<\/h2>\n\n\n\n<div class=\"wp-block-buttons is-content-justification-center is-layout-flex wp-container-core-buttons-is-layout-a89b3969 wp-block-buttons-is-layout-flex\">\n<div class=\"wp-block-button\"><a class=\"wp-block-button__link has-ast-global-color-2-color has-text-color has-link-color has-inter-font-family has-custom-font-size wp-element-button\" href=\"https:\/\/malusanffer.com\/en\/shop\/\" style=\"font-size:14px\">Explore<\/a><\/div>\n<\/div>\n\n\n\n<div class=\"wp-block-columns alignfull are-vertically-aligned-center is-layout-flex wp-container-core-columns-is-layout-28f84493 wp-block-columns-is-layout-flex\">\n<div class=\"wp-block-column is-vertically-aligned-center is-layout-flow wp-block-column-is-layout-flow\">\n<h2 class=\"wp-block-heading has-text-align-center\">Handmade<\/h2>\n\n\n\n<p class=\"has-text-align-center has-inter-font-family\" style=\"font-size:16px\">Artisanal processes,<br>refined finishes,<br>and attention to detail.<\/p>\n<\/div>\n\n\n\n<div class=\"wp-block-column is-vertically-aligned-center is-layout-flow wp-block-column-is-layout-flow\">\n<h2 class=\"wp-block-heading has-text-align-center\">Time<\/h2>\n\n\n\n<p class=\"has-text-align-center has-inter-font-family\" style=\"font-size:16px\">Limited production.<br>No excess.<br>No rush.<\/p>\n<\/div>\n\n\n\n<div class=\"wp-block-column is-vertically-aligned-center is-layout-flow wp-block-column-is-layout-flow\">\n<h2 class=\"wp-block-heading has-text-align-center\">Awareness<\/h2>\n\n\n\n<p class=\"has-text-align-center has-inter-font-family\" style=\"font-size:16px\">Selected materials<br>and conscious choices that prioritize<br>longevity.<\/p>\n<\/div>\n<\/div>\n\n\n\n<p><\/p>","protected":false},"excerpt":{"rendered":"<p>Uma marca brasileira contempor\u00e2nea, guiada pelo tempo, pelo feito \u00e0 m\u00e3o e pela perman\u00eancia. A Malu Sanffer cria pe\u00e7as de pr\u00eat-\u00e0-porter de luxo a partir de processos lentos, produ\u00e7\u00e3o consciente e quantidades limitadas. Cada cria\u00e7\u00e3o valoriza a mat\u00e9ria, o gesto e as hist\u00f3rias que permanecem no corpo. Al\u00e9m das esta\u00e7\u00f5es. Al\u00e9m das tend\u00eancias. As cria\u00e7\u00f5es [&hellip;]<\/p>\n","protected":false},"author":1,"featured_media":0,"parent":0,"menu_order":0,"comment_status":"closed","ping_status":"closed","template":"","meta":{"site-sidebar-layout":"no-sidebar","site-content-layout":"","ast-site-content-layout":"full-width-container","site-content-style":"default","site-sidebar-style":"unboxed","ast-global-header-display":"","ast-banner-title-visibility":"","ast-main-header-display":"","ast-hfb-above-header-display":"","ast-hfb-below-header-display":"","ast-hfb-mobile-header-display":"","site-post-title":"disabled","ast-breadcrumbs-content":"","ast-featured-img":"","footer-sml-layout":"","ast-disable-related-posts":"","theme-transparent-header-meta":"","adv-header-id-meta":"","stick-header-meta":"","header-above-stick-meta":"","header-main-stick-meta":"","header-below-stick-meta":"","astra-migrate-meta-layouts":"default","ast-page-background-enabled":"default","ast-page-background-meta":{"desktop":{"background-color":"var(--ast-global-color-5)","background-image":"","background-repeat":"repeat","background-position":"center center","background-size":"auto","background-attachment":"scroll","background-type":"","background-media":"","overlay-type":"","overlay-color":"","overlay-opacity":"","overlay-gradient":""},"tablet":{"background-color":"","background-image":"","background-repeat":"repeat","background-position":"center center","background-size":"auto","background-attachment":"scroll","background-type":"","background-media":"","overlay-type":"","overlay-color":"","overlay-opacity":"","overlay-gradient":""},"mobile":{"background-color":"","background-image":"","background-repeat":"repeat","background-position":"center center","background-size":"auto","background-attachment":"scroll","background-type":"","background-media":"","overlay-type":"","overlay-color":"","overlay-opacity":"","overlay-gradient":""}},"ast-content-background-meta":{"desktop":{"background-color":"var(--ast-global-color-4)","background-image":"","background-repeat":"repeat","background-position":"center center","background-size":"auto","background-attachment":"scroll","background-type":"","background-media":"","overlay-type":"","overlay-color":"","overlay-opacity":"","overlay-gradient":""},"tablet":{"background-color":"var(--ast-global-color-4)","background-image":"","background-repeat":"repeat","background-position":"center center","background-size":"auto","background-attachment":"scroll","background-type":"","background-media":"","overlay-type":"","overlay-color":"","overlay-opacity":"","overlay-gradient":""},"mobile":{"background-color":"var(--ast-global-color-4)","background-image":"","background-repeat":"repeat","background-position":"center center","background-size":"auto","background-attachment":"scroll","background-type":"","background-media":"","overlay-type":"","overlay-color":"","overlay-opacity":"","overlay-gradient":""}},"footnotes":""},"class_list":["post-67","page","type-page","status-publish","hentry"],"jetpack_sharing_enabled":true,"_links":{"self":[{"href":"https:\/\/malusanffer.com\/en\/wp-json\/wp\/v2\/pages\/67","targetHints":{"allow":["GET"]}}],"collection":[{"href":"https:\/\/malusanffer.com\/en\/wp-json\/wp\/v2\/pages"}],"about":[{"href":"https:\/\/malusanffer.com\/en\/wp-json\/wp\/v2\/types\/page"}],"author":[{"embeddable":true,"href":"https:\/\/malusanffer.com\/en\/wp-json\/wp\/v2\/users\/1"}],"replies":[{"embeddable":true,"href":"https:\/\/malusanffer.com\/en\/wp-json\/wp\/v2\/comments?post=67"}],"version-history":[{"count":43,"href":"https:\/\/malusanffer.com\/en\/wp-json\/wp\/v2\/pages\/67\/revisions"}],"predecessor-version":[{"id":338,"href":"https:\/\/malusanffer.com\/en\/wp-json\/wp\/v2\/pages\/67\/revisions\/338"}],"wp:attachment":[{"href":"https:\/\/malusanffer.com\/en\/wp-json\/wp\/v2\/media?parent=67"}],"curies":[{"name":"wp","href":"https:\/\/api.w.org\/{rel}","templated":true}]}}