{"id":78,"date":"2025-12-18T14:54:27","date_gmt":"2025-12-18T14:54:27","guid":{"rendered":"https:\/\/malusanffer.com\/?page_id=78"},"modified":"2026-01-06T18:01:50","modified_gmt":"2026-01-06T18:01:50","slug":"about","status":"publish","type":"page","link":"https:\/\/malusanffer.com\/en\/about\/","title":{"rendered":"About"},"content":{"rendered":"<h2 class=\"wp-block-heading\">About<\/h2>\n\n\n\n<p class=\"has-text-align-left has-inter-font-family translation-block\">Malu Sanffer is a contemporary Brazilian pr\u00eat-\u00e0-porter brand, created from the desire to slow down and honor the time of creation.<\/p>\n\n\n\n<p class=\"has-inter-font-family translation-block\" style=\"font-size:17px\">We work with limited production, artisanal processes, and a careful attention to the lasting presence of each piece on the body and in the life of the wearer.<\/p>\n\n\n\n<div style=\"height:50px\" aria-hidden=\"true\" class=\"wp-block-spacer\"><\/div>\n\n\n\n<h2 class=\"wp-block-heading\">The Founder<\/h2>\n\n\n\n<p class=\"has-inter-font-family translation-block\" style=\"font-size:17px\">Founded by Maria Luiza Ferreira, the brand emerges from the relationship between design, material, and gesture \u2014 bringing together a contemporary aesthetic with manual and conscious processes.<\/p>\n\n\n\n<p><\/p>","protected":false},"excerpt":{"rendered":"<p>Sobre A Malu Sanffer \u00e9 uma marca brasileira de pr\u00eat-\u00e0-porter contempor\u00e2neo, criada a partir dodesejo de desacelerar e valorizar o tempo da cria\u00e7\u00e3o. Trabalhamos com produ\u00e7\u00e3o limitada, processos artesanais e um olhar atentopara a perman\u00eancia das pe\u00e7as no corpo e na vida de quem as veste. A criadora Fundada por Maria Luiza Ferreira , a [&hellip;]<\/p>\n","protected":false},"author":1,"featured_media":0,"parent":0,"menu_order":0,"comment_status":"closed","ping_status":"closed","template":"","meta":{"site-sidebar-layout":"no-sidebar","site-content-layout":"","ast-site-content-layout":"default","site-content-style":"boxed","site-sidebar-style":"default","ast-global-header-display":"","ast-banner-title-visibility":"","ast-main-header-display":"","ast-hfb-above-header-display":"","ast-hfb-below-header-display":"","ast-hfb-mobile-header-display":"","site-post-title":"disabled","ast-breadcrumbs-content":"","ast-featured-img":"","footer-sml-layout":"","ast-disable-related-posts":"","theme-transparent-header-meta":"","adv-header-id-meta":"","stick-header-meta":"","header-above-stick-meta":"","header-main-stick-meta":"","header-below-stick-meta":"","astra-migrate-meta-layouts":"default","ast-page-background-enabled":"default","ast-page-background-meta":{"desktop":{"background-color":"var(--ast-global-color-5)","background-image":"","background-repeat":"repeat","background-position":"center center","background-size":"auto","background-attachment":"scroll","background-type":"","background-media":"","overlay-type":"","overlay-color":"","overlay-opacity":"","overlay-gradient":""},"tablet":{"background-color":"","background-image":"","background-repeat":"repeat","background-position":"center center","background-size":"auto","background-attachment":"scroll","background-type":"","background-media":"","overlay-type":"","overlay-color":"","overlay-opacity":"","overlay-gradient":""},"mobile":{"background-color":"","background-image":"","background-repeat":"repeat","background-position":"center center","background-size":"auto","background-attachment":"scroll","background-type":"","background-media":"","overlay-type":"","overlay-color":"","overlay-opacity":"","overlay-gradient":""}},"ast-content-background-meta":{"desktop":{"background-color":"var(--ast-global-color-4)","background-image":"","background-repeat":"repeat","background-position":"center center","background-size":"auto","background-attachment":"scroll","background-type":"","background-media":"","overlay-type":"","overlay-color":"","overlay-opacity":"","overlay-gradient":""},"tablet":{"background-color":"var(--ast-global-color-4)","background-image":"","background-repeat":"repeat","background-position":"center center","background-size":"auto","background-attachment":"scroll","background-type":"","background-media":"","overlay-type":"","overlay-color":"","overlay-opacity":"","overlay-gradient":""},"mobile":{"background-color":"var(--ast-global-color-4)","background-image":"","background-repeat":"repeat","background-position":"center center","background-size":"auto","background-attachment":"scroll","background-type":"","background-media":"","overlay-type":"","overlay-color":"","overlay-opacity":"","overlay-gradient":""}},"footnotes":""},"class_list":["post-78","page","type-page","status-publish","hentry"],"jetpack_sharing_enabled":true,"_links":{"self":[{"href":"https:\/\/malusanffer.com\/en\/wp-json\/wp\/v2\/pages\/78","targetHints":{"allow":["GET"]}}],"collection":[{"href":"https:\/\/malusanffer.com\/en\/wp-json\/wp\/v2\/pages"}],"about":[{"href":"https:\/\/malusanffer.com\/en\/wp-json\/wp\/v2\/types\/page"}],"author":[{"embeddable":true,"href":"https:\/\/malusanffer.com\/en\/wp-json\/wp\/v2\/users\/1"}],"replies":[{"embeddable":true,"href":"https:\/\/malusanffer.com\/en\/wp-json\/wp\/v2\/comments?post=78"}],"version-history":[{"count":10,"href":"https:\/\/malusanffer.com\/en\/wp-json\/wp\/v2\/pages\/78\/revisions"}],"predecessor-version":[{"id":307,"href":"https:\/\/malusanffer.com\/en\/wp-json\/wp\/v2\/pages\/78\/revisions\/307"}],"wp:attachment":[{"href":"https:\/\/malusanffer.com\/en\/wp-json\/wp\/v2\/media?parent=78"}],"curies":[{"name":"wp","href":"https:\/\/api.w.org\/{rel}","templated":true}]}}